{"id":2,"date":"2012-11-29T18:28:12","date_gmt":"2012-11-29T18:28:12","guid":{"rendered":"http:\/\/arqv2020.webs.upv.es\/?page_id=2"},"modified":"2021-01-07T13:02:52","modified_gmt":"2021-01-07T12:02:52","slug":"pagina-ejemplo","status":"publish","type":"page","link":"https:\/\/arqv2020.webs.upv.es\/","title":{"rendered":""},"content":{"rendered":"<p>&#8212;&#8212;&#8212;&#8212;&#8212;&#8212;&#8212;&#8212;&#8212;&#8212;&#8212;&#8212;&#8212;&#8212;&#8212;&#8212;&#8212;&#8212;&#8212;&#8212;&#8212;&#8212;&#8212;&#8212;&#8212;&#8212;&#8212;&#8212;&#8212;&#8212;&#8212;&#8212;&#8212;&#8212;&#8212;&#8212;&#8212;&#8212;&#8212;&#8212;&#8211;<br \/>\n<strong>PUBLICADAS LAS ACTAS DEL CONGRESO<\/strong><br \/>\nLas Actas del Congreso Arquitectura.v2020 pueden descargarse del Repositorio Institucional de la UPV, desde el siguiente enlace: <a href=\"http:\/\/riunet.upv.es\/handle\/10251\/31593\" target=\"_blank\" rel=\"noopener\">actas congreso<\/a><br \/>\n&#8212;&#8212;&#8212;&#8212;&#8212;&#8212;&#8212;&#8212;&#8212;&#8212;&#8212;&#8212;&#8212;&#8212;&#8212;&#8212;&#8212;&#8212;&#8212;&#8212;&#8212;&#8212;&#8212;&#8212;&#8212;&#8212;&#8212;&#8212;&#8212;&#8212;&#8212;&#8212;&#8212;&#8212;&#8212;&#8212;&#8212;&#8212;&#8212;&#8212;&#8211;<\/p>\n<p style=\"text-align: justify;\"><strong>ARQUITECTURA v2020<\/strong><br \/>\nCONGRESO DOCENTE | LA ENSE\u00d1ANZA Y LA PROFESI\u00d3N DE ARQUITECTO EN UN MUNDO EN CAMBIO<br \/>\n20, 21 y 22 de febrero de 2013 | Valencia<br \/>\nAula Magna de la Escola T\u00e8cnica Superior d&#8217;Arquitectura | Universitat Polit\u00e8cnica de Val\u00e8ncia<\/p>\n<p style=\"text-align: justify;\">El actual Plan de Estudios de Grado en Arquitectura de la Escuela de Valencia cuenta tan s\u00f3lo con tres a\u00f1os de antig\u00fcedad, pero debe ser revisado como consecuencia de cambios en la legislaci\u00f3n que obligan a modificar su estructura curricular.<br \/>\nLejos de considerar este hecho como un inconveniente, hemos decidido enfrentar esta situaci\u00f3n como una oportunidad para ajustar mejor el futuro Plan de Estudios en base a la experiencia de tres a\u00f1os del actual Plan de 2010.<br \/>\nEl Arquitecto espa\u00f1ol es competente tanto en las cuestiones creativas del dise\u00f1o arquitect\u00f3nico como en la definici\u00f3n t\u00e9cnica de todos los elementos que intervienen en la construcci\u00f3n y comparte con otros profesionales id\u00e9nticas competencias en urbanismo. Pero ha llegado el momento de plantearnos si el nivel de desarrollo de los conocimientos t\u00e9cnicos y la abundancia de normativas que deben observarse son asumibles por una\u00a0sola\u00a0persona. Las Escuelas de Arquitectura de Espa\u00f1a, caracterizadas por impartir \u00fanicamente el t\u00edtulo de Arquitecto, deben promover la especializaci\u00f3n e incluir en su actividad cotidiana otros estudios pr\u00f3ximos a la tarea de configurar el h\u00e1bitat humano pero suficientemente separados del n\u00facleo central de la Arquitectura como para que puedan ser considerados como t\u00edtulos independientes.<br \/>\nLas actuales condiciones econ\u00f3micas del pa\u00eds han cambiado sustancialmente la manera de ejercer la profesi\u00f3n. Con toda seguridad, cuando se reanude la actividad de la industria de la construcci\u00f3n en Espa\u00f1a, el ejercicio de la profesi\u00f3n de Arquitecto no se desarrollar\u00e1 como lo hizo en el pasado. El nuevo Plan de Estudios debe preparar a los estudiantes que lo cursen para el ejercicio de la Arquitectura en un futuro pr\u00f3ximo que, necesariamente, debemos empezar a intuir.<\/p>\n<p style=\"text-align: right;\">Vicente Mas Llorens<br \/>\nDirector de la ETSA-UPV<\/p>\n<p style=\"text-align: right;\"><a href=\"https:\/\/arqv2020.webs.upv.es\/wp-content\/uploads\/2012\/11\/marca_UPV_principal_color150.jpg\">\u00a0\u00a0<img loading=\"lazy\" decoding=\"async\" class=\"alignnone size-medium wp-image-240\" src=\"https:\/\/arqv2020.webs.upv.es\/wp-content\/uploads\/2012\/11\/marca_UPV_principal_color150-300x105.jpg\" alt=\"marca_UPV_principal_color150\" width=\"300\" height=\"105\" srcset=\"https:\/\/arqv2020.webs.upv.es\/wp-content\/uploads\/2012\/11\/marca_UPV_principal_color150-300x105.jpg 300w, https:\/\/arqv2020.webs.upv.es\/wp-content\/uploads\/2012\/11\/marca_UPV_principal_color150-500x176.jpg 500w, https:\/\/arqv2020.webs.upv.es\/wp-content\/uploads\/2012\/11\/marca_UPV_principal_color150.jpg 804w\" sizes=\"auto, (max-width: 300px) 100vw, 300px\" \/><\/a><\/p>\n","protected":false},"excerpt":{"rendered":"<p>&#8212;&#8212;&#8212;&#8212;&#8212;&#8212;&#8212;&#8212;&#8212;&#8212;&#8212;&#8212;&#8212;&#8212;&#8212;&#8212;&#8212;&#8212;&#8212;&#8212;&#8212;&#8212;&#8212;&#8212;&#8212;&#8212;&#8212;&#8212;&#8212;&#8212;&#8212;&#8212;&#8212;&#8212;&#8212;&#8212;&#8212;&#8212;&#8212;&#8212;&#8211; PUBLICADAS LAS ACTAS DEL CONGRESO Las Actas del Congreso Arquitectura.v2020 pueden descargarse del Repositorio Institucional de la UPV, desde el siguiente enlace: actas congreso &#8212;&#8212;&#8212;&#8212;&#8212;&#8212;&#8212;&#8212;&#8212;&#8212;&#8212;&#8212;&#8212;&#8212;&#8212;&#8212;&#8212;&#8212;&#8212;&#8212;&#8212;&#8212;&#8212;&#8212;&#8212;&#8212;&#8212;&#8212;&#8212;&#8212;&#8212;&#8212;&#8212;&#8212;&#8212;&#8212;&#8212;&#8212;&#8212;&#8212;&#8211; ARQUITECTURA v2020 CONGRESO DOCENTE | LA ENSE\u00d1ANZA Y LA PROFESI\u00d3N DE ARQUITECTO EN UN &hellip; <a href=\"https:\/\/arqv2020.webs.upv.es\/\">Sigue leyendo <span class=\"meta-nav\">&rarr;<\/span><\/a><\/p>\n","protected":false},"author":2,"featured_media":0,"parent":0,"menu_order":0,"comment_status":"open","ping_status":"closed","template":"","meta":{"footnotes":""},"class_list":["post-2","page","type-page","status-publish","hentry"],"_links":{"self":[{"href":"https:\/\/arqv2020.webs.upv.es\/index.php?rest_route=\/wp\/v2\/pages\/2","targetHints":{"allow":["GET"]}}],"collection":[{"href":"https:\/\/arqv2020.webs.upv.es\/index.php?rest_route=\/wp\/v2\/pages"}],"about":[{"href":"https:\/\/arqv2020.webs.upv.es\/index.php?rest_route=\/wp\/v2\/types\/page"}],"author":[{"embeddable":true,"href":"https:\/\/arqv2020.webs.upv.es\/index.php?rest_route=\/wp\/v2\/users\/2"}],"replies":[{"embeddable":true,"href":"https:\/\/arqv2020.webs.upv.es\/index.php?rest_route=%2Fwp%2Fv2%2Fcomments&post=2"}],"version-history":[{"count":12,"href":"https:\/\/arqv2020.webs.upv.es\/index.php?rest_route=\/wp\/v2\/pages\/2\/revisions"}],"predecessor-version":[{"id":282,"href":"https:\/\/arqv2020.webs.upv.es\/index.php?rest_route=\/wp\/v2\/pages\/2\/revisions\/282"}],"wp:attachment":[{"href":"https:\/\/arqv2020.webs.upv.es\/index.php?rest_route=%2Fwp%2Fv2%2Fmedia&parent=2"}],"curies":[{"name":"wp","href":"https:\/\/api.w.org\/{rel}","templated":true}]}}